{"id":1495,"date":"2021-11-26T09:26:10","date_gmt":"2021-11-26T09:26:10","guid":{"rendered":"https:\/\/winegroupagetuscany.com\/?page_id=1495"},"modified":"2021-12-30T11:15:22","modified_gmt":"2021-12-30T11:15:22","slug":"ueber-uns","status":"publish","type":"page","link":"https:\/\/winegroupagetuscany.com\/de\/ueber-uns\/","title":{"rendered":"\u00dcber uns"},"content":{"rendered":"\n<p class=\"has-text-color\" style=\"color:#000000\">Die Wine Groupage Tuscany wurde im Jahr 2003 vom Verwalter und Alleineigent\u00fcmer Mario Ferretti gegr\u00fcndet und ist seit \u00fcber 20Jahren im Bereich Beverage&amp; Food in region di Siena t\u00e4tig. Das Unternehmen garantiert einen effizienten Service, der stets auf die Erwartungen der Kunden eingeht. Wir sind auf nationaler und auf internationaler Ebene im In- und Ausland t\u00e4tig, wobei wir dank ausgew\u00e4hlter Partner jede Art von Transport auf See-, Land- oder Luftwegen ausf\u00fchren.<\/p>\n\n\n\n<p class=\"has-text-color\" style=\"color:#000000\">Ein solides und zuverl\u00e4ssiges, im nationalen Register der Transportunternehmen eingetragenes, Unternehmen, das stets darauf bedacht ist, die Bed\u00fcrfnisse seiner Kunden bestm\u00f6glich zu erf\u00fcllen. Hierbei legen wir besonderes Augenwerk auf den Transport von Weinen, ein Produkt, das in unserem Land erzeugt wird und das seinen Weg in den internationalen Markt gebracht wird &#8211; dies auch dank unserer wertvollen<br>Unterst\u00fctzung im Bereich Versand und Transport f\u00fcr <strong>Food &amp; Beverage in region di Siena<\/strong> <strong>t\u00e4tig<\/strong>.<\/p>\n\n\n\n<p class=\"has-text-color\" style=\"color:#000000\">Aufgrund ihrer geografischen Lage im pulsierenden Herzen Italiens stellt die Toskana einen Knotenpunkt und eine nat\u00fcrliche Verbindung f\u00fcr alle Regionen des zentralen Staatsgebiets dar, die eine sofortige und schnelle Verbindung zu jedem Reiseziel der Welt erm\u00f6glicht.<\/p>\n\n\n\n<p class=\"has-text-color\" style=\"color:#000000\">Das charakteristische Wappen ist ein Verm\u00e4chtnis der Vorfahren von Mario Ferretti, der es neu bearbeitet hat, indem er die drei H\u00fcgel von Siena einbrachte, zusammen mit den Logos der drei renommiertesten und ber\u00fchmtesten toskanischen Weine der Welt: Nobile di Montepulciano, Chianti Classico und Brunello di Montalcino.<\/p>\n\n\n\n<p class=\"has-text-color\" style=\"color:#000000\">Ein Vorhang vervollst\u00e4ndigt dieses Design und den Schriftzug der \u201eWine Groupage Tuscany\u201c, dem f\u00fchrenden Spezialisten f\u00fcr Transport, Dienstleistungen und Logistik von Wein, Food &amp; Beverage.<\/p>\n\n\n\n<p class=\"has-text-color\" style=\"color:#000000\">Die im Laufe der Jahre konsolidierte Erfahrung hat zum heutigen Know-how und der Professionalit\u00e4t gef\u00fchrt, die ben\u00f6tigt werden, um einwandfreie Transport- und Versanddienste zu garantieren, aber auch Lagerung und Lagerhaltung f\u00fcr Unternehmen der Food &amp; Beverage-Branche zu gew\u00e4hrleisen.<\/p>\n\n\n\n<p class=\"has-text-color\" style=\"color:#000000\">Dar\u00fcber hinaus sind wir \u00fcber eine enge Zusammenarbeit mit Top-Level-Partnern im gesamten nationalen und internationalen Raum pr\u00e4sent und k\u00f6nnen daher Lieferzeiten und -methoden garantieren.<br>Unser innovatives IT-System erm\u00f6glicht es uns, den gesamten Transportlogistikprozess des Food &amp; Beverage von unserem Sitz in Siena aus zu organisieren, zu verwalten und zu integrieren, eine beneidenswert zentrale und strategische Position im Zentrum Italiens mit Verbindungen in die gesamte Region.<\/p>\n\n\n\n<p class=\"has-text-color\" style=\"color:#000000\">Auch aus diesem Grund ist es Wine Groupage Tuscany gelungen, sich als qualifizierter und zuverl\u00e4ssiger Ansprechpartner f\u00fcr alle Transport- und Logistikbed\u00fcrfnisse italienischer und weltweiter Unternehmen auf dem Land-, See- oder Luftweg zu etablieren.<\/p>\n\n\n\n<p class=\"has-text-color\" style=\"color:#000000\">Wir sind daher eine Partnerschaft mit den Realit\u00e4ten des Wein- und Lebensmittelsektors eingegangen. Der Enthusiasmus, die Professionalit\u00e4t und die Sorgfalt, die wir beim Transport\/Versand und der Logistik von Lebensmitteln und Getr\u00e4nken an den Tag legen, werden durch ein klimatisiertes 24-Stunden-Lager mit Temperaturen zwischen 14\u00b0 und 18\u00b0 und eine HACCP-Zertifizierung noch verst\u00e4rkt.<\/p>\n\n\n\n<p class=\"has-text-color\" style=\"color:#000000\">Im Bereich Spedition und Transport f\u00fcr Food &amp; Beverage deckt Wine Groupage Tuscany s\u00e4mtliche Strecken in Mittelitalien eigenst\u00e4ndig ab und greift f\u00fcr weitere Strecken auf ein Netzwerk von qualifizierten und zertifizierten Partnern zur\u00fcck, die es erm\u00f6glichen, weltweit liefern zu k\u00f6nnen und jeden einzelnen Versandbereich abzudecken, bis zur Belieferung von Einkaufszentren und Lebensmittelketten.<\/p>\n\n\n\n<p class=\"has-text-color\" style=\"color:#000000\">Das Aush\u00e4ngeschild von Wine Groupage Tuscany ist gerade die Tatsache, dass in region di Siena t\u00e4tig Betriebszentrale im Hauptsitz der einzige Empf\u00e4nger vieler Speditionen ist, was uns in Bezug auf Professionalit\u00e4t und Service zu einem der Key Player in Italien macht.<\/p>\n\n\n\n<p class=\"has-text-color\" style=\"color:#000000\">Die gesamte Struktur von Wine Groupage Tuscany steht f\u00fcr Informationen und Angebote f\u00fcr Unternehmen und Einzelpersonen zur Verf\u00fcgung, die im Import- \/ Exportbereich t\u00e4tig sind und die Verwaltung der Verbrauchsteuer f\u00fcr Weine, Champagner, Bier und Spirituosen ben\u00f6tigen.<\/p>\n","protected":false},"excerpt":{"rendered":"<p>Die Wine Groupage Tuscany wurde im Jahr 2003 vom Verwalter und Alleineigent\u00fcmer Mario Ferretti gegr\u00fcndet und ist seit \u00fcber 20Jahren im Bereich Beverage&amp; Food in region di Siena t\u00e4tig. Das Unternehmen garantiert einen effizienten Service, der stets auf die Erwartungen der Kunden eingeht. Wir sind auf nationaler und auf internationaler Ebene im In- und Ausland [&hellip;]<\/p>\n","protected":false},"author":21,"featured_media":0,"parent":0,"menu_order":0,"comment_status":"closed","ping_status":"closed","template":"","meta":{"_coblocks_attr":"","_coblocks_dimensions":"","_coblocks_responsive_height":"","_coblocks_accordion_ie_support":"","_genesis_hide_title":false,"_genesis_hide_breadcrumbs":false,"_genesis_hide_singular_image":false,"_genesis_hide_footer_widgets":false,"_genesis_custom_body_class":"","_genesis_custom_post_class":"","_genesis_layout":""},"yoast_head":"<!-- This site is optimized with the Yoast SEO plugin v20.2.1 - https:\/\/yoast.com\/wordpress\/plugins\/seo\/ -->\n<title>\u00dcber uns - WINE GROUPAGE TUSCANY<\/title>\n<meta name=\"robots\" content=\"index, follow, max-snippet:-1, max-image-preview:large, max-video-preview:-1\" \/>\n<link rel=\"canonical\" href=\"https:\/\/winegroupagetuscany.com\/de\/ueber-uns\/\" \/>\n<meta property=\"og:locale\" content=\"de_DE\" \/>\n<meta property=\"og:type\" content=\"article\" \/>\n<meta property=\"og:title\" content=\"\u00dcber uns - WINE GROUPAGE TUSCANY\" \/>\n<meta property=\"og:description\" content=\"Die Wine Groupage Tuscany wurde im Jahr 2003 vom Verwalter und Alleineigent\u00fcmer Mario Ferretti gegr\u00fcndet und ist seit \u00fcber 20Jahren im Bereich Beverage&amp; Food in region di Siena t\u00e4tig. Das Unternehmen garantiert einen effizienten Service, der stets auf die Erwartungen der Kunden eingeht. Wir sind auf nationaler und auf internationaler Ebene im In- und Ausland [&hellip;]\" \/>\n<meta property=\"og:url\" content=\"https:\/\/winegroupagetuscany.com\/de\/ueber-uns\/\" \/>\n<meta property=\"og:site_name\" content=\"WINE GROUPAGE TUSCANY\" \/>\n<meta property=\"article:modified_time\" content=\"2021-12-30T11:15:22+00:00\" \/>\n<meta name=\"twitter:card\" content=\"summary_large_image\" \/>\n<meta name=\"twitter:label1\" content=\"Est. reading time\" \/>\n\t<meta name=\"twitter:data1\" content=\"4 minutes\" \/>\n<script type=\"application\/ld+json\" class=\"yoast-schema-graph\">{\"@context\":\"https:\/\/schema.org\",\"@graph\":[{\"@type\":\"WebPage\",\"@id\":\"https:\/\/winegroupagetuscany.com\/de\/ueber-uns\/\",\"url\":\"https:\/\/winegroupagetuscany.com\/de\/ueber-uns\/\",\"name\":\"\u00dcber uns - WINE GROUPAGE TUSCANY\",\"isPartOf\":{\"@id\":\"https:\/\/winegroupagetuscany.com\/de\/#website\"},\"datePublished\":\"2021-11-26T09:26:10+00:00\",\"dateModified\":\"2021-12-30T11:15:22+00:00\",\"breadcrumb\":{\"@id\":\"https:\/\/winegroupagetuscany.com\/de\/ueber-uns\/#breadcrumb\"},\"inLanguage\":\"de-DE\",\"potentialAction\":[{\"@type\":\"ReadAction\",\"target\":[\"https:\/\/winegroupagetuscany.com\/de\/ueber-uns\/\"]}]},{\"@type\":\"BreadcrumbList\",\"@id\":\"https:\/\/winegroupagetuscany.com\/de\/ueber-uns\/#breadcrumb\",\"itemListElement\":[{\"@type\":\"ListItem\",\"position\":1,\"name\":\"Home\",\"item\":\"https:\/\/winegroupagetuscany.com\/de\/\"},{\"@type\":\"ListItem\",\"position\":2,\"name\":\"\u00dcber uns\"}]},{\"@type\":\"WebSite\",\"@id\":\"https:\/\/winegroupagetuscany.com\/de\/#website\",\"url\":\"https:\/\/winegroupagetuscany.com\/de\/\",\"name\":\"WINE GROUPAGE TUSCANY\",\"description\":\"Just another Vendere Online Sites site\",\"potentialAction\":[{\"@type\":\"SearchAction\",\"target\":{\"@type\":\"EntryPoint\",\"urlTemplate\":\"https:\/\/winegroupagetuscany.com\/de\/?s={search_term_string}\"},\"query-input\":\"required name=search_term_string\"}],\"inLanguage\":\"de-DE\"}]}<\/script>\n<!-- \/ Yoast SEO plugin. -->","yoast_head_json":{"title":"\u00dcber uns - WINE GROUPAGE TUSCANY","robots":{"index":"index","follow":"follow","max-snippet":"max-snippet:-1","max-image-preview":"max-image-preview:large","max-video-preview":"max-video-preview:-1"},"canonical":"https:\/\/winegroupagetuscany.com\/de\/ueber-uns\/","og_locale":"de_DE","og_type":"article","og_title":"\u00dcber uns - WINE GROUPAGE TUSCANY","og_description":"Die Wine Groupage Tuscany wurde im Jahr 2003 vom Verwalter und Alleineigent\u00fcmer Mario Ferretti gegr\u00fcndet und ist seit \u00fcber 20Jahren im Bereich Beverage&amp; Food in region di Siena t\u00e4tig. Das Unternehmen garantiert einen effizienten Service, der stets auf die Erwartungen der Kunden eingeht. Wir sind auf nationaler und auf internationaler Ebene im In- und Ausland [&hellip;]","og_url":"https:\/\/winegroupagetuscany.com\/de\/ueber-uns\/","og_site_name":"WINE GROUPAGE TUSCANY","article_modified_time":"2021-12-30T11:15:22+00:00","twitter_card":"summary_large_image","twitter_misc":{"Est. reading time":"4 minutes"},"schema":{"@context":"https:\/\/schema.org","@graph":[{"@type":"WebPage","@id":"https:\/\/winegroupagetuscany.com\/de\/ueber-uns\/","url":"https:\/\/winegroupagetuscany.com\/de\/ueber-uns\/","name":"\u00dcber uns - WINE GROUPAGE TUSCANY","isPartOf":{"@id":"https:\/\/winegroupagetuscany.com\/de\/#website"},"datePublished":"2021-11-26T09:26:10+00:00","dateModified":"2021-12-30T11:15:22+00:00","breadcrumb":{"@id":"https:\/\/winegroupagetuscany.com\/de\/ueber-uns\/#breadcrumb"},"inLanguage":"de-DE","potentialAction":[{"@type":"ReadAction","target":["https:\/\/winegroupagetuscany.com\/de\/ueber-uns\/"]}]},{"@type":"BreadcrumbList","@id":"https:\/\/winegroupagetuscany.com\/de\/ueber-uns\/#breadcrumb","itemListElement":[{"@type":"ListItem","position":1,"name":"Home","item":"https:\/\/winegroupagetuscany.com\/de\/"},{"@type":"ListItem","position":2,"name":"\u00dcber uns"}]},{"@type":"WebSite","@id":"https:\/\/winegroupagetuscany.com\/de\/#website","url":"https:\/\/winegroupagetuscany.com\/de\/","name":"WINE GROUPAGE TUSCANY","description":"Just another Vendere Online Sites site","potentialAction":[{"@type":"SearchAction","target":{"@type":"EntryPoint","urlTemplate":"https:\/\/winegroupagetuscany.com\/de\/?s={search_term_string}"},"query-input":"required name=search_term_string"}],"inLanguage":"de-DE"}]}},"featured_image_src":null,"featured_image_src_square":null,"_links":{"self":[{"href":"https:\/\/winegroupagetuscany.com\/de\/wp-json\/wp\/v2\/pages\/1495"}],"collection":[{"href":"https:\/\/winegroupagetuscany.com\/de\/wp-json\/wp\/v2\/pages"}],"about":[{"href":"https:\/\/winegroupagetuscany.com\/de\/wp-json\/wp\/v2\/types\/page"}],"author":[{"embeddable":true,"href":"https:\/\/winegroupagetuscany.com\/de\/wp-json\/wp\/v2\/users\/21"}],"replies":[{"embeddable":true,"href":"https:\/\/winegroupagetuscany.com\/de\/wp-json\/wp\/v2\/comments?post=1495"}],"version-history":[{"count":6,"href":"https:\/\/winegroupagetuscany.com\/de\/wp-json\/wp\/v2\/pages\/1495\/revisions"}],"predecessor-version":[{"id":1650,"href":"https:\/\/winegroupagetuscany.com\/de\/wp-json\/wp\/v2\/pages\/1495\/revisions\/1650"}],"wp:attachment":[{"href":"https:\/\/winegroupagetuscany.com\/de\/wp-json\/wp\/v2\/media?parent=1495"}],"curies":[{"name":"wp","href":"https:\/\/api.w.org\/{rel}","templated":true}]}}