{"id":1497,"date":"2021-11-26T09:31:57","date_gmt":"2021-11-26T09:31:57","guid":{"rendered":"https:\/\/winegroupagetuscany.com\/?page_id=1497"},"modified":"2021-12-01T17:39:38","modified_gmt":"2021-12-01T17:39:38","slug":"dienstleistungen","status":"publish","type":"page","link":"https:\/\/winegroupagetuscany.com\/de\/dienstleistungen\/","title":{"rendered":"Dienstleistungen"},"content":{"rendered":"\n<p class=\"has-text-align-center\"><em><strong>Nationaler Getr\u00e4nketransport<\/strong><\/em><\/p>\n\n\n\n<p class=\"has-text-align-left\">Wine Groupage Tuscany ist auf den <strong>Transport von Lebensmitteln<\/strong> und Getr\u00e4nken spezialisiert und bedient s\u00e4mtliche Anfragen jedes einzelnen Kunden professionell und effizient.<\/p>\n\n\n\n<p class=\"has-text-align-left\"><strong>SAMMELLADUNGEN<\/strong><\/p>\n\n\n\n<p class=\"has-text-align-left\">Das Aush\u00e4ngeschild von Wine Groupage Tuscany ist das Betriebszentrum, in dem mehrere einzelne Lieferungen f\u00fcr einen einzigen Empf\u00e4nger gelagert werden, was uns in Italien zur Nummer Eins bez\u00fcglich Professionalit\u00e4t und Service macht.<\/p>\n\n\n\n<p class=\"has-text-align-left\"><strong>NATIONALE\/INTERNATIONALE TRANSPORTE<\/strong><\/p>\n\n\n\n<p class=\"has-text-align-left\">Wine Groupage Tuscany deckt s\u00e4mtliche Strecken innerhalb Mittelitaliens ab und kann auf ein Netzwerk zertifizierter Partner zur\u00fcckgreifen, um weltweit zu liefern, von der Einzellieferung bis zur Belieferung von Einkaufszentren, gro\u00dfen Vertriebsgebieten und Unternehmen.<\/p>\n\n\n\n<p class=\"has-text-align-left\"><strong>IMPORT-EXPORT VERSAND<\/strong><\/p>\n\n\n\n<p class=\"has-text-align-left\">National \/ International (Land \/ Meer \/ Luft)<\/p>\n\n\n\n<p class=\"has-text-align-left\">Dank der verschiedenen Referenzb\u00fcros unserer Partner in Italien und im Ausland, dem breiten Netzwerk internationaler Verbindungen und dem innovativen IT-System, das den gesamten Logistikprozess integriert, ist Wine Groupage Tuscany heute ein qualifizierter und zuverl\u00e4ssiger Ansprechpartner f\u00fcr alle Transport- und Logistikbed\u00fcrfnisse von Unternehmen auf der ganzen Welt auf dem Land-, See-, Luftweg (f\u00fcr Wein, Food &amp; Beverage).<\/p>\n\n\n\n<p class=\"has-text-align-left\"><strong>LOGISTIK, VORBEREITUNG UND VERSANDMANAGEMENT<\/strong>Integrierte Logistikdienstleistungen: Entgegennahme und Kontrolle, Lagerung, Vorbereitung und Ausf\u00fchrung von Bestellungen, Verpackung, Etikettierung, Kennzeichnung und Ausgabe von digitalen Dokumenten.<\/p>\n\n\n\n<ul><li>Vertrieb in Italien \u00fcber ein Korrespondentennetz in strategischen Gebieten an den wichtigsten Verkehrsknotenpunkten. <\/li><li>IT-Managementsysteme, die in der Lage sind, eine genaue und vollst\u00e4ndige Verwaltung des Versands im Wein- und Food &amp; Beverage-Bereich in bestimmten Gebieten zu gew\u00e4hrleisten.<\/li><\/ul>\n\n\n\n<p><strong>EIGENES LAGER<\/strong><\/p>\n\n\n\n<p>Aufgrund der vielen verschiedenen Weinanbaugebiete in der Toskana hat Mario Ferretti beschlossen, ein firmeneigenes Lager umzusetzen, das 24 Stunden am Tag bei variablen Temperaturen von 14\u00b0 bis 18\u00b0 arbeitet und HACCP-zertifiziert ist. Unser klimatisiertes Lagerhaus wird von zahlreichen italienischen Weing\u00fctern genutzt. Abholungen werden mit isolierten Fahrzeugen mit hydraulischen Ladebordw\u00e4nden<br>und elektrischen Hubwagen durchgef\u00fchrt. Die sorgf\u00e4ltige und professionelle Lagerung wird \u00fcber ein schnelles, pr\u00e4zises und p\u00fcnktliches Logistiksystem gew\u00e4hrleistet, das keinerlei Temperaturschwankungen zul\u00e4sst, die den Geschmack von Wein, Champagner, Whisky und allen anderen transportierten Waren der Wein-, Lebensmittel- und Food &amp; Beverage-Branche ver\u00e4ndern k\u00f6nnten.<\/p>\n\n\n\n<p><strong>WEINLAGERERUNG<\/strong><\/p>\n\n\n\n<p>Wir bieten f\u00fcr die zahlreichen Erzeuger von Wein und Oliven\u00f6l in unserer Region folgende Dienstleistungen: Abholung von Warenbest\u00e4nden vor Ort, Lagerung in unserem Lager. S\u00e4mtliche Waren werden sorgf\u00e4ltig und professionell gelagert und dank der Planung bis ins KLEINSTE Detail schnell und ohne Umwege an den Empf\u00e4nger geliefert. Das klimatisierte Lager mit dem H.A.C.C.P. Zertifikat f\u00fcr Lebensmittelsicherheit von den zust\u00e4ndigen Beh\u00f6rden garantiert die optimale Lagerung der Weine und macht uns zu einem qualifizierten regionalen Bezugspunkt f\u00fcr die Lagerung von Lebensmitteln bei kontrollierter Temperatur. Klimatisierte Lagerung f\u00fcr Weine, Champagner, Bier, Whisky, Spirituosen und alle alkoholischen Getr\u00e4nke.<\/p>\n","protected":false},"excerpt":{"rendered":"<p>Nationaler Getr\u00e4nketransport Wine Groupage Tuscany ist auf den Transport von Lebensmitteln und Getr\u00e4nken spezialisiert und bedient s\u00e4mtliche Anfragen jedes einzelnen Kunden professionell und effizient. SAMMELLADUNGEN Das Aush\u00e4ngeschild von Wine Groupage Tuscany ist das Betriebszentrum, in dem mehrere einzelne Lieferungen f\u00fcr einen einzigen Empf\u00e4nger gelagert werden, was uns in Italien zur Nummer Eins bez\u00fcglich Professionalit\u00e4t und [&hellip;]<\/p>\n","protected":false},"author":21,"featured_media":0,"parent":0,"menu_order":0,"comment_status":"closed","ping_status":"closed","template":"","meta":{"_coblocks_attr":"","_coblocks_dimensions":"","_coblocks_responsive_height":"","_coblocks_accordion_ie_support":"","_genesis_hide_title":false,"_genesis_hide_breadcrumbs":false,"_genesis_hide_singular_image":false,"_genesis_hide_footer_widgets":false,"_genesis_custom_body_class":"","_genesis_custom_post_class":"","_genesis_layout":""},"yoast_head":"<!-- This site is optimized with the Yoast SEO plugin v20.2.1 - https:\/\/yoast.com\/wordpress\/plugins\/seo\/ -->\n<title>Dienstleistungen - WINE GROUPAGE TUSCANY<\/title>\n<meta name=\"robots\" content=\"index, follow, max-snippet:-1, max-image-preview:large, max-video-preview:-1\" \/>\n<link rel=\"canonical\" href=\"https:\/\/winegroupagetuscany.com\/de\/dienstleistungen\/\" \/>\n<meta property=\"og:locale\" content=\"de_DE\" \/>\n<meta property=\"og:type\" content=\"article\" \/>\n<meta property=\"og:title\" content=\"Dienstleistungen - WINE GROUPAGE TUSCANY\" \/>\n<meta property=\"og:description\" content=\"Nationaler Getr\u00e4nketransport Wine Groupage Tuscany ist auf den Transport von Lebensmitteln und Getr\u00e4nken spezialisiert und bedient s\u00e4mtliche Anfragen jedes einzelnen Kunden professionell und effizient. SAMMELLADUNGEN Das Aush\u00e4ngeschild von Wine Groupage Tuscany ist das Betriebszentrum, in dem mehrere einzelne Lieferungen f\u00fcr einen einzigen Empf\u00e4nger gelagert werden, was uns in Italien zur Nummer Eins bez\u00fcglich Professionalit\u00e4t und [&hellip;]\" \/>\n<meta property=\"og:url\" content=\"https:\/\/winegroupagetuscany.com\/de\/dienstleistungen\/\" \/>\n<meta property=\"og:site_name\" content=\"WINE GROUPAGE TUSCANY\" \/>\n<meta property=\"article:modified_time\" content=\"2021-12-01T17:39:38+00:00\" \/>\n<meta name=\"twitter:card\" content=\"summary_large_image\" \/>\n<meta name=\"twitter:label1\" content=\"Est. reading time\" \/>\n\t<meta name=\"twitter:data1\" content=\"2 minutes\" \/>\n<script type=\"application\/ld+json\" class=\"yoast-schema-graph\">{\"@context\":\"https:\/\/schema.org\",\"@graph\":[{\"@type\":\"WebPage\",\"@id\":\"https:\/\/winegroupagetuscany.com\/de\/dienstleistungen\/\",\"url\":\"https:\/\/winegroupagetuscany.com\/de\/dienstleistungen\/\",\"name\":\"Dienstleistungen - WINE GROUPAGE TUSCANY\",\"isPartOf\":{\"@id\":\"https:\/\/winegroupagetuscany.com\/de\/#website\"},\"datePublished\":\"2021-11-26T09:31:57+00:00\",\"dateModified\":\"2021-12-01T17:39:38+00:00\",\"breadcrumb\":{\"@id\":\"https:\/\/winegroupagetuscany.com\/de\/dienstleistungen\/#breadcrumb\"},\"inLanguage\":\"de-DE\",\"potentialAction\":[{\"@type\":\"ReadAction\",\"target\":[\"https:\/\/winegroupagetuscany.com\/de\/dienstleistungen\/\"]}]},{\"@type\":\"BreadcrumbList\",\"@id\":\"https:\/\/winegroupagetuscany.com\/de\/dienstleistungen\/#breadcrumb\",\"itemListElement\":[{\"@type\":\"ListItem\",\"position\":1,\"name\":\"Home\",\"item\":\"https:\/\/winegroupagetuscany.com\/de\/\"},{\"@type\":\"ListItem\",\"position\":2,\"name\":\"Dienstleistungen\"}]},{\"@type\":\"WebSite\",\"@id\":\"https:\/\/winegroupagetuscany.com\/de\/#website\",\"url\":\"https:\/\/winegroupagetuscany.com\/de\/\",\"name\":\"WINE GROUPAGE TUSCANY\",\"description\":\"Just another Vendere Online Sites site\",\"potentialAction\":[{\"@type\":\"SearchAction\",\"target\":{\"@type\":\"EntryPoint\",\"urlTemplate\":\"https:\/\/winegroupagetuscany.com\/de\/?s={search_term_string}\"},\"query-input\":\"required name=search_term_string\"}],\"inLanguage\":\"de-DE\"}]}<\/script>\n<!-- \/ Yoast SEO plugin. -->","yoast_head_json":{"title":"Dienstleistungen - WINE GROUPAGE TUSCANY","robots":{"index":"index","follow":"follow","max-snippet":"max-snippet:-1","max-image-preview":"max-image-preview:large","max-video-preview":"max-video-preview:-1"},"canonical":"https:\/\/winegroupagetuscany.com\/de\/dienstleistungen\/","og_locale":"de_DE","og_type":"article","og_title":"Dienstleistungen - WINE GROUPAGE TUSCANY","og_description":"Nationaler Getr\u00e4nketransport Wine Groupage Tuscany ist auf den Transport von Lebensmitteln und Getr\u00e4nken spezialisiert und bedient s\u00e4mtliche Anfragen jedes einzelnen Kunden professionell und effizient. SAMMELLADUNGEN Das Aush\u00e4ngeschild von Wine Groupage Tuscany ist das Betriebszentrum, in dem mehrere einzelne Lieferungen f\u00fcr einen einzigen Empf\u00e4nger gelagert werden, was uns in Italien zur Nummer Eins bez\u00fcglich Professionalit\u00e4t und [&hellip;]","og_url":"https:\/\/winegroupagetuscany.com\/de\/dienstleistungen\/","og_site_name":"WINE GROUPAGE TUSCANY","article_modified_time":"2021-12-01T17:39:38+00:00","twitter_card":"summary_large_image","twitter_misc":{"Est. reading time":"2 minutes"},"schema":{"@context":"https:\/\/schema.org","@graph":[{"@type":"WebPage","@id":"https:\/\/winegroupagetuscany.com\/de\/dienstleistungen\/","url":"https:\/\/winegroupagetuscany.com\/de\/dienstleistungen\/","name":"Dienstleistungen - WINE GROUPAGE TUSCANY","isPartOf":{"@id":"https:\/\/winegroupagetuscany.com\/de\/#website"},"datePublished":"2021-11-26T09:31:57+00:00","dateModified":"2021-12-01T17:39:38+00:00","breadcrumb":{"@id":"https:\/\/winegroupagetuscany.com\/de\/dienstleistungen\/#breadcrumb"},"inLanguage":"de-DE","potentialAction":[{"@type":"ReadAction","target":["https:\/\/winegroupagetuscany.com\/de\/dienstleistungen\/"]}]},{"@type":"BreadcrumbList","@id":"https:\/\/winegroupagetuscany.com\/de\/dienstleistungen\/#breadcrumb","itemListElement":[{"@type":"ListItem","position":1,"name":"Home","item":"https:\/\/winegroupagetuscany.com\/de\/"},{"@type":"ListItem","position":2,"name":"Dienstleistungen"}]},{"@type":"WebSite","@id":"https:\/\/winegroupagetuscany.com\/de\/#website","url":"https:\/\/winegroupagetuscany.com\/de\/","name":"WINE GROUPAGE TUSCANY","description":"Just another Vendere Online Sites site","potentialAction":[{"@type":"SearchAction","target":{"@type":"EntryPoint","urlTemplate":"https:\/\/winegroupagetuscany.com\/de\/?s={search_term_string}"},"query-input":"required name=search_term_string"}],"inLanguage":"de-DE"}]}},"featured_image_src":null,"featured_image_src_square":null,"_links":{"self":[{"href":"https:\/\/winegroupagetuscany.com\/de\/wp-json\/wp\/v2\/pages\/1497"}],"collection":[{"href":"https:\/\/winegroupagetuscany.com\/de\/wp-json\/wp\/v2\/pages"}],"about":[{"href":"https:\/\/winegroupagetuscany.com\/de\/wp-json\/wp\/v2\/types\/page"}],"author":[{"embeddable":true,"href":"https:\/\/winegroupagetuscany.com\/de\/wp-json\/wp\/v2\/users\/21"}],"replies":[{"embeddable":true,"href":"https:\/\/winegroupagetuscany.com\/de\/wp-json\/wp\/v2\/comments?post=1497"}],"version-history":[{"count":2,"href":"https:\/\/winegroupagetuscany.com\/de\/wp-json\/wp\/v2\/pages\/1497\/revisions"}],"predecessor-version":[{"id":1621,"href":"https:\/\/winegroupagetuscany.com\/de\/wp-json\/wp\/v2\/pages\/1497\/revisions\/1621"}],"wp:attachment":[{"href":"https:\/\/winegroupagetuscany.com\/de\/wp-json\/wp\/v2\/media?parent=1497"}],"curies":[{"name":"wp","href":"https:\/\/api.w.org\/{rel}","templated":true}]}}