{"id":1428,"date":"2021-11-25T16:20:11","date_gmt":"2021-11-25T16:20:11","guid":{"rendered":"https:\/\/winegroupagetuscany.com\/?page_id=1428"},"modified":"2021-12-30T11:26:41","modified_gmt":"2021-12-30T11:26:41","slug":"a-propos-de-nous","status":"publish","type":"page","link":"https:\/\/winegroupagetuscany.com\/fr\/a-propos-de-nous\/","title":{"rendered":"\u00c0 propos de nous"},"content":{"rendered":"\n<p>Wine Groupage Tuscany, fond\u00e9 en 2003 par le directeur et propri\u00e9taire unique Mario Ferretti, op\u00e8re depuis plus de 20 ans dans le secteur du transport de produits alimentaires et de boissons \u00e0 r\u00e9gion de Sienne, en garantissant un service efficace qui r\u00e9pond toujours aux attentes du client, tant en Italie qu\u2019\u00e0 l\u2019\u00e9tranger, gr\u00e2ce \u00e9galement \u00e0 des partenaires hautement s\u00e9lectionn\u00e9s qui peuvent couvrir tout type de transport, que ce soit par voie maritime, terrestre ou a\u00e9rienne.<\/p>\n\n\n\n<p>Une entreprise solide et fiable, inscrite au registre national des transporteurs routiers et toujours attentive \u00e0 satisfaire les besoins de ses clients, avec une attention particuli\u00e8re au secteur vitivinicole, un produit qui voit la lumi\u00e8re dans ce domaine et prend ensuite la route du march\u00e9 international, gr\u00e2ce aussi \u00e0 notre pr\u00e9cieux soutien dans le domaine de l\u2019exp\u00e9dition et du transport d\u2019<strong>Alimentation et Boissons \u00e0 r\u00e9gion de Sienne<\/strong>.<\/p>\n\n\n\n<p>En raison de sa position g\u00e9ographique au c\u0153ur de l\u2019Italie, la Toscane est un lien naturel et un point de jonction pour toutes les r\u00e9gions du centre du pays, offrant une route imm\u00e9diate et rapide vers n\u2019importe quelle destination mondiale.<\/p>\n\n\n\n<p>Le blason h\u00e9raldique est un h\u00e9ritage des nobles origines de M.&nbsp;Mario Ferretti, qui l\u2019a remis au go\u00fbt du jour en dessinant \u00e0 l\u2019int\u00e9rieur les trois collines de Sienne, avec les logos des trois vins toscans les plus prestigieux et mondialement connus&nbsp;: Nobile di Montepulciano, Chianti Classico et Brunello di Montalcino.<\/p>\n\n\n\n<p>Un drap\u00e9 compl\u00e8te ce design et le libell\u00e9 int\u00e9rieur de \u00ab\u2009Wine Groupage Tuscany\u2009\u00bb, le principal sp\u00e9cialiste du transport, des services et de la logistique pour le vin, les aliments et les boissons.<\/p>\n\n\n\n<p>Notre exp\u00e9rience, consolid\u00e9e au fil des ans, nous permet aujourd\u2019hui de disposer de toutes les comp\u00e9tences et de tout le professionnalisme n\u00e9cessaires pour nous consacrer avec soin au transport et \u00e0 l\u2019exp\u00e9dition, ainsi qu\u2019au stockage et \u00e0 l\u2019entreposage pour les entreprises du secteur alimentaire et des boissons qui ont de tels besoins.<\/p>\n\n\n\n<p>En travaillant en \u00e9troite collaboration avec des partenaires de premier ordre, nous sommes en mesure d\u2019\u00eatre pr\u00e9sents \u00e0 l\u2019\u00e9chelle nationale et internationale, ce qui nous permet de garantir les d\u00e9lais et les m\u00e9thodes de livraison.<br>Notre syst\u00e8me informatique innovant nous permet de g\u00e9rer et d\u2019int\u00e9grer l\u2019ensemble du processus de logistique du transport de produits alimentaires et de boissons. La ville o\u00f9 se trouve notre si\u00e8ge social pouvons compter sur une position strat\u00e9gique enviable gr\u00e2ce aux liaisons de la zone et \u00e0 sa centralit\u00e9 par rapport \u00e0 toute l\u2019Italie.<\/p>\n\n\n\n<p>C\u2019est \u00e9galement gr\u00e2ce \u00e0 cette raison que Wine Groupage Tuscany a r\u00e9ussi \u00e0 s\u2019imposer comme un point de r\u00e9f\u00e9rence qualifi\u00e9 et fiable pour tous les besoins de transport et de logistique des entreprises en Italie et dans le monde entier, par voie terrestre, maritime ou a\u00e9rienne.<\/p>\n\n\n\n<p>Nous travaillons avec des soci\u00e9t\u00e9s du secteur du vin et de l&#8217;alimentation. L&#8217;enthousiasme, le professionnalisme et le soin dont nous faisons preuve au cours du transport \/ exp\u00e9dition et de la logistique des aliments et de boissons se distinguent plus encore gr\u00e2ce \u00e0 un entrep\u00f4t climatis\u00e9 24h\/24, avec des temp\u00e9ratures allant de 14 \u00e0 18\u00b0 et une certification H.A.C.P.<\/p>\n\n\n\n<p>Dans le secteur de l\u2019exp\u00e9dition et du transport de produits alimentaires et de boissons, Wine Groupage Tuscany couvre de mani\u00e8re autonome toutes les routes du centre de l\u2019Italie et s\u2019appuie ensuite sur un r\u00e9seau de partenaires qualifi\u00e9s et certifi\u00e9s qui lui permettent d\u2019atteindre le monde entier et de couvrir chaque exp\u00e9dition jusqu\u2019\u00e0 l\u2019approvisionnement des centres commerciaux et des zones de grande distribution.<\/p>\n\n\n\n<p>Le fleuron de Wine Groupage Tuscany est le fait que son si\u00e8ge \u00e0 r\u00e9gion de Sienne est le centre op\u00e9rationnel pour les envois individuels avec un seul destinataire.<\/p>\n\n\n\n<p>L\u2019un des meilleurs en Italie en termes de professionnalisme et de service. Toute la structure de Wine Groupage Tuscany est disponible \u00e0 titre d\u2019information et de devis pour les entreprises et les particuliers qui op\u00e8rent dans le secteur de l\u2019import\/export et qui ont besoin de la gestion et de l\u2019acquittement des droits d\u2019accises pour les vins, les champagnes, les bi\u00e8res et les spiritueux.<\/p>\n","protected":false},"excerpt":{"rendered":"<p>Wine Groupage Tuscany, fond\u00e9 en 2003 par le directeur et propri\u00e9taire unique Mario Ferretti, op\u00e8re depuis plus de 20 ans dans le secteur du transport de produits alimentaires et de boissons \u00e0 r\u00e9gion de Sienne, en garantissant un service efficace qui r\u00e9pond toujours aux attentes du client, tant en Italie qu\u2019\u00e0 l\u2019\u00e9tranger, gr\u00e2ce \u00e9galement \u00e0 [&hellip;]<\/p>\n","protected":false},"author":21,"featured_media":0,"parent":0,"menu_order":0,"comment_status":"closed","ping_status":"closed","template":"","meta":{"_coblocks_attr":"","_coblocks_dimensions":"","_coblocks_responsive_height":"","_coblocks_accordion_ie_support":"","_genesis_hide_title":false,"_genesis_hide_breadcrumbs":false,"_genesis_hide_singular_image":false,"_genesis_hide_footer_widgets":false,"_genesis_custom_body_class":"","_genesis_custom_post_class":"","_genesis_layout":""},"yoast_head":"<!-- This site is optimized with the Yoast SEO plugin v20.2.1 - https:\/\/yoast.com\/wordpress\/plugins\/seo\/ -->\n<title>\u00c0 propos de nous - WINE GROUPAGE TUSCANY<\/title>\n<meta name=\"robots\" content=\"index, follow, max-snippet:-1, max-image-preview:large, max-video-preview:-1\" \/>\n<link rel=\"canonical\" href=\"https:\/\/winegroupagetuscany.com\/fr\/a-propos-de-nous\/\" \/>\n<meta property=\"og:locale\" content=\"fr_FR\" \/>\n<meta property=\"og:type\" content=\"article\" \/>\n<meta property=\"og:title\" content=\"\u00c0 propos de nous - WINE GROUPAGE TUSCANY\" \/>\n<meta property=\"og:description\" content=\"Wine Groupage Tuscany, fond\u00e9 en 2003 par le directeur et propri\u00e9taire unique Mario Ferretti, op\u00e8re depuis plus de 20 ans dans le secteur du transport de produits alimentaires et de boissons \u00e0 r\u00e9gion de Sienne, en garantissant un service efficace qui r\u00e9pond toujours aux attentes du client, tant en Italie qu\u2019\u00e0 l\u2019\u00e9tranger, gr\u00e2ce \u00e9galement \u00e0 [&hellip;]\" \/>\n<meta property=\"og:url\" content=\"https:\/\/winegroupagetuscany.com\/fr\/a-propos-de-nous\/\" \/>\n<meta property=\"og:site_name\" content=\"WINE GROUPAGE TUSCANY\" \/>\n<meta property=\"article:modified_time\" content=\"2021-12-30T11:26:41+00:00\" \/>\n<meta name=\"twitter:card\" content=\"summary_large_image\" \/>\n<meta name=\"twitter:label1\" content=\"Est. reading time\" \/>\n\t<meta name=\"twitter:data1\" content=\"4 minutes\" \/>\n<script type=\"application\/ld+json\" class=\"yoast-schema-graph\">{\"@context\":\"https:\/\/schema.org\",\"@graph\":[{\"@type\":\"WebPage\",\"@id\":\"https:\/\/winegroupagetuscany.com\/fr\/a-propos-de-nous\/\",\"url\":\"https:\/\/winegroupagetuscany.com\/fr\/a-propos-de-nous\/\",\"name\":\"\u00c0 propos de nous - WINE GROUPAGE TUSCANY\",\"isPartOf\":{\"@id\":\"https:\/\/winegroupagetuscany.com\/fr\/#website\"},\"datePublished\":\"2021-11-25T16:20:11+00:00\",\"dateModified\":\"2021-12-30T11:26:41+00:00\",\"breadcrumb\":{\"@id\":\"https:\/\/winegroupagetuscany.com\/fr\/a-propos-de-nous\/#breadcrumb\"},\"inLanguage\":\"fr-FR\",\"potentialAction\":[{\"@type\":\"ReadAction\",\"target\":[\"https:\/\/winegroupagetuscany.com\/fr\/a-propos-de-nous\/\"]}]},{\"@type\":\"BreadcrumbList\",\"@id\":\"https:\/\/winegroupagetuscany.com\/fr\/a-propos-de-nous\/#breadcrumb\",\"itemListElement\":[{\"@type\":\"ListItem\",\"position\":1,\"name\":\"Home\",\"item\":\"https:\/\/winegroupagetuscany.com\/fr\/\"},{\"@type\":\"ListItem\",\"position\":2,\"name\":\"\u00c0 propos de nous\"}]},{\"@type\":\"WebSite\",\"@id\":\"https:\/\/winegroupagetuscany.com\/fr\/#website\",\"url\":\"https:\/\/winegroupagetuscany.com\/fr\/\",\"name\":\"WINE GROUPAGE TUSCANY\",\"description\":\"Just another Vendere Online Sites site\",\"potentialAction\":[{\"@type\":\"SearchAction\",\"target\":{\"@type\":\"EntryPoint\",\"urlTemplate\":\"https:\/\/winegroupagetuscany.com\/fr\/?s={search_term_string}\"},\"query-input\":\"required name=search_term_string\"}],\"inLanguage\":\"fr-FR\"}]}<\/script>\n<!-- \/ Yoast SEO plugin. -->","yoast_head_json":{"title":"\u00c0 propos de nous - WINE GROUPAGE TUSCANY","robots":{"index":"index","follow":"follow","max-snippet":"max-snippet:-1","max-image-preview":"max-image-preview:large","max-video-preview":"max-video-preview:-1"},"canonical":"https:\/\/winegroupagetuscany.com\/fr\/a-propos-de-nous\/","og_locale":"fr_FR","og_type":"article","og_title":"\u00c0 propos de nous - WINE GROUPAGE TUSCANY","og_description":"Wine Groupage Tuscany, fond\u00e9 en 2003 par le directeur et propri\u00e9taire unique Mario Ferretti, op\u00e8re depuis plus de 20 ans dans le secteur du transport de produits alimentaires et de boissons \u00e0 r\u00e9gion de Sienne, en garantissant un service efficace qui r\u00e9pond toujours aux attentes du client, tant en Italie qu\u2019\u00e0 l\u2019\u00e9tranger, gr\u00e2ce \u00e9galement \u00e0 [&hellip;]","og_url":"https:\/\/winegroupagetuscany.com\/fr\/a-propos-de-nous\/","og_site_name":"WINE GROUPAGE TUSCANY","article_modified_time":"2021-12-30T11:26:41+00:00","twitter_card":"summary_large_image","twitter_misc":{"Est. reading time":"4 minutes"},"schema":{"@context":"https:\/\/schema.org","@graph":[{"@type":"WebPage","@id":"https:\/\/winegroupagetuscany.com\/fr\/a-propos-de-nous\/","url":"https:\/\/winegroupagetuscany.com\/fr\/a-propos-de-nous\/","name":"\u00c0 propos de nous - WINE GROUPAGE TUSCANY","isPartOf":{"@id":"https:\/\/winegroupagetuscany.com\/fr\/#website"},"datePublished":"2021-11-25T16:20:11+00:00","dateModified":"2021-12-30T11:26:41+00:00","breadcrumb":{"@id":"https:\/\/winegroupagetuscany.com\/fr\/a-propos-de-nous\/#breadcrumb"},"inLanguage":"fr-FR","potentialAction":[{"@type":"ReadAction","target":["https:\/\/winegroupagetuscany.com\/fr\/a-propos-de-nous\/"]}]},{"@type":"BreadcrumbList","@id":"https:\/\/winegroupagetuscany.com\/fr\/a-propos-de-nous\/#breadcrumb","itemListElement":[{"@type":"ListItem","position":1,"name":"Home","item":"https:\/\/winegroupagetuscany.com\/fr\/"},{"@type":"ListItem","position":2,"name":"\u00c0 propos de nous"}]},{"@type":"WebSite","@id":"https:\/\/winegroupagetuscany.com\/fr\/#website","url":"https:\/\/winegroupagetuscany.com\/fr\/","name":"WINE GROUPAGE TUSCANY","description":"Just another Vendere Online Sites site","potentialAction":[{"@type":"SearchAction","target":{"@type":"EntryPoint","urlTemplate":"https:\/\/winegroupagetuscany.com\/fr\/?s={search_term_string}"},"query-input":"required name=search_term_string"}],"inLanguage":"fr-FR"}]}},"featured_image_src":null,"featured_image_src_square":null,"_links":{"self":[{"href":"https:\/\/winegroupagetuscany.com\/fr\/wp-json\/wp\/v2\/pages\/1428"}],"collection":[{"href":"https:\/\/winegroupagetuscany.com\/fr\/wp-json\/wp\/v2\/pages"}],"about":[{"href":"https:\/\/winegroupagetuscany.com\/fr\/wp-json\/wp\/v2\/types\/page"}],"author":[{"embeddable":true,"href":"https:\/\/winegroupagetuscany.com\/fr\/wp-json\/wp\/v2\/users\/21"}],"replies":[{"embeddable":true,"href":"https:\/\/winegroupagetuscany.com\/fr\/wp-json\/wp\/v2\/comments?post=1428"}],"version-history":[{"count":6,"href":"https:\/\/winegroupagetuscany.com\/fr\/wp-json\/wp\/v2\/pages\/1428\/revisions"}],"predecessor-version":[{"id":1654,"href":"https:\/\/winegroupagetuscany.com\/fr\/wp-json\/wp\/v2\/pages\/1428\/revisions\/1654"}],"wp:attachment":[{"href":"https:\/\/winegroupagetuscany.com\/fr\/wp-json\/wp\/v2\/media?parent=1428"}],"curies":[{"name":"wp","href":"https:\/\/api.w.org\/{rel}","templated":true}]}}