{"id":1436,"date":"2021-11-25T16:45:17","date_gmt":"2021-11-25T16:45:17","guid":{"rendered":"https:\/\/winegroupagetuscany.com\/?page_id=1436"},"modified":"2021-11-25T16:45:18","modified_gmt":"2021-11-25T16:45:18","slug":"news","status":"publish","type":"page","link":"https:\/\/winegroupagetuscany.com\/fr\/news\/","title":{"rendered":"News"},"content":{"rendered":"\n<figure class=\"wp-block-image size-full\"><img decoding=\"async\" width=\"1024\" height=\"683\" src=\"https:\/\/winegroupagetuscany.com\/wp-content\/uploads\/2021\/11\/Pagina-NEWS-1.jpg\" alt=\"\" class=\"wp-image-1437\" srcset=\"https:\/\/winegroupagetuscany.com\/wp-content\/uploads\/2021\/11\/Pagina-NEWS-1.jpg 1024w, https:\/\/winegroupagetuscany.com\/wp-content\/uploads\/2021\/11\/Pagina-NEWS-1-300x200.jpg 300w, https:\/\/winegroupagetuscany.com\/wp-content\/uploads\/2021\/11\/Pagina-NEWS-1-768x512.jpg 768w, https:\/\/winegroupagetuscany.com\/wp-content\/uploads\/2021\/11\/Pagina-NEWS-1-600x400.jpg 600w\" sizes=\"(max-width: 1024px) 100vw, 1024px\" \/><\/figure>\n\n\n\n<p><strong>DES SERVICES PROFESSIONNELS POUR CHAQUE BESOIN<\/strong><\/p>\n\n\n\n<p>Fond\u00e9 en 2003 par le grand esprit d\u2019entreprise de M.\u00a0Mario Ferretti, Wine Groupage Tuscany est un point de r\u00e9f\u00e9rence valable pour le secteur du transport et de la logistique de tout ce qui concerne la branche alimentation et boisson.<br>Toujours \u00e0 l\u2019\u00e9coute du client, l\u2019entreprise garantit des services hautement professionnels visant \u00e0 satisfaire pleinement chacune des demandes de ses clients.<br>Gr\u00e2ce \u00e0 son emplacement strat\u00e9gique au c\u0153ur de la Toscane, l\u2019entreprise repr\u00e9sente un point concret d\u2019union et de connexion pour toutes les r\u00e9gions du territoire national, ainsi qu\u2019une plaque tournante vers toute destination au niveau international.<br>Transport, exp\u00e9dition, <strong>stockage de marchandises<\/strong>: ce ne sont l\u00e0 que quelques-uns des services propos\u00e9s par Wine Groupage Tuscany, qu\u2019attendez-vous\u2009? Contactez-nous pour plus d\u2019informations!<\/p>\n","protected":false},"excerpt":{"rendered":"<p>DES SERVICES PROFESSIONNELS POUR CHAQUE BESOIN Fond\u00e9 en 2003 par le grand esprit d\u2019entreprise de M.\u00a0Mario Ferretti, Wine Groupage Tuscany est un point de r\u00e9f\u00e9rence valable pour le secteur du transport et de la logistique de tout ce qui concerne la branche alimentation et boisson.Toujours \u00e0 l\u2019\u00e9coute du client, l\u2019entreprise garantit des services hautement professionnels [&hellip;]<\/p>\n","protected":false},"author":21,"featured_media":0,"parent":0,"menu_order":0,"comment_status":"closed","ping_status":"closed","template":"","meta":{"_coblocks_attr":"","_coblocks_dimensions":"","_coblocks_responsive_height":"","_coblocks_accordion_ie_support":"","_genesis_hide_title":false,"_genesis_hide_breadcrumbs":false,"_genesis_hide_singular_image":false,"_genesis_hide_footer_widgets":false,"_genesis_custom_body_class":"","_genesis_custom_post_class":"","_genesis_layout":""},"yoast_head":"<!-- This site is optimized with the Yoast SEO plugin v20.2.1 - https:\/\/yoast.com\/wordpress\/plugins\/seo\/ -->\n<title>News - WINE GROUPAGE TUSCANY<\/title>\n<meta name=\"robots\" content=\"index, follow, max-snippet:-1, max-image-preview:large, max-video-preview:-1\" \/>\n<link rel=\"canonical\" href=\"https:\/\/winegroupagetuscany.com\/fr\/news\/\" \/>\n<meta property=\"og:locale\" content=\"fr_FR\" \/>\n<meta property=\"og:type\" content=\"article\" \/>\n<meta property=\"og:title\" content=\"News - WINE GROUPAGE TUSCANY\" \/>\n<meta property=\"og:description\" content=\"DES SERVICES PROFESSIONNELS POUR CHAQUE BESOIN Fond\u00e9 en 2003 par le grand esprit d\u2019entreprise de M.\u00a0Mario Ferretti, Wine Groupage Tuscany est un point de r\u00e9f\u00e9rence valable pour le secteur du transport et de la logistique de tout ce qui concerne la branche alimentation et boisson.Toujours \u00e0 l\u2019\u00e9coute du client, l\u2019entreprise garantit des services hautement professionnels [&hellip;]\" \/>\n<meta property=\"og:url\" content=\"https:\/\/winegroupagetuscany.com\/fr\/news\/\" \/>\n<meta property=\"og:site_name\" content=\"WINE GROUPAGE TUSCANY\" \/>\n<meta property=\"article:modified_time\" content=\"2021-11-25T16:45:18+00:00\" \/>\n<meta property=\"og:image\" content=\"https:\/\/winegroupagetuscany.com\/wp-content\/uploads\/2021\/11\/Pagina-NEWS-1.jpg\" \/>\n<meta name=\"twitter:card\" content=\"summary_large_image\" \/>\n<meta name=\"twitter:label1\" content=\"Est. reading time\" \/>\n\t<meta name=\"twitter:data1\" content=\"1 minute\" \/>\n<script type=\"application\/ld+json\" class=\"yoast-schema-graph\">{\"@context\":\"https:\/\/schema.org\",\"@graph\":[{\"@type\":\"WebPage\",\"@id\":\"https:\/\/winegroupagetuscany.com\/fr\/news\/\",\"url\":\"https:\/\/winegroupagetuscany.com\/fr\/news\/\",\"name\":\"News - WINE GROUPAGE TUSCANY\",\"isPartOf\":{\"@id\":\"https:\/\/winegroupagetuscany.com\/fr\/#website\"},\"datePublished\":\"2021-11-25T16:45:17+00:00\",\"dateModified\":\"2021-11-25T16:45:18+00:00\",\"breadcrumb\":{\"@id\":\"https:\/\/winegroupagetuscany.com\/fr\/news\/#breadcrumb\"},\"inLanguage\":\"fr-FR\",\"potentialAction\":[{\"@type\":\"ReadAction\",\"target\":[\"https:\/\/winegroupagetuscany.com\/fr\/news\/\"]}]},{\"@type\":\"BreadcrumbList\",\"@id\":\"https:\/\/winegroupagetuscany.com\/fr\/news\/#breadcrumb\",\"itemListElement\":[{\"@type\":\"ListItem\",\"position\":1,\"name\":\"Home\",\"item\":\"https:\/\/winegroupagetuscany.com\/fr\/\"},{\"@type\":\"ListItem\",\"position\":2,\"name\":\"News\"}]},{\"@type\":\"WebSite\",\"@id\":\"https:\/\/winegroupagetuscany.com\/fr\/#website\",\"url\":\"https:\/\/winegroupagetuscany.com\/fr\/\",\"name\":\"WINE GROUPAGE TUSCANY\",\"description\":\"Just another Vendere Online Sites site\",\"potentialAction\":[{\"@type\":\"SearchAction\",\"target\":{\"@type\":\"EntryPoint\",\"urlTemplate\":\"https:\/\/winegroupagetuscany.com\/fr\/?s={search_term_string}\"},\"query-input\":\"required name=search_term_string\"}],\"inLanguage\":\"fr-FR\"}]}<\/script>\n<!-- \/ Yoast SEO plugin. -->","yoast_head_json":{"title":"News - WINE GROUPAGE TUSCANY","robots":{"index":"index","follow":"follow","max-snippet":"max-snippet:-1","max-image-preview":"max-image-preview:large","max-video-preview":"max-video-preview:-1"},"canonical":"https:\/\/winegroupagetuscany.com\/fr\/news\/","og_locale":"fr_FR","og_type":"article","og_title":"News - WINE GROUPAGE TUSCANY","og_description":"DES SERVICES PROFESSIONNELS POUR CHAQUE BESOIN Fond\u00e9 en 2003 par le grand esprit d\u2019entreprise de M.\u00a0Mario Ferretti, Wine Groupage Tuscany est un point de r\u00e9f\u00e9rence valable pour le secteur du transport et de la logistique de tout ce qui concerne la branche alimentation et boisson.Toujours \u00e0 l\u2019\u00e9coute du client, l\u2019entreprise garantit des services hautement professionnels [&hellip;]","og_url":"https:\/\/winegroupagetuscany.com\/fr\/news\/","og_site_name":"WINE GROUPAGE TUSCANY","article_modified_time":"2021-11-25T16:45:18+00:00","og_image":[{"url":"https:\/\/winegroupagetuscany.com\/wp-content\/uploads\/2021\/11\/Pagina-NEWS-1.jpg"}],"twitter_card":"summary_large_image","twitter_misc":{"Est. reading time":"1 minute"},"schema":{"@context":"https:\/\/schema.org","@graph":[{"@type":"WebPage","@id":"https:\/\/winegroupagetuscany.com\/fr\/news\/","url":"https:\/\/winegroupagetuscany.com\/fr\/news\/","name":"News - WINE GROUPAGE TUSCANY","isPartOf":{"@id":"https:\/\/winegroupagetuscany.com\/fr\/#website"},"datePublished":"2021-11-25T16:45:17+00:00","dateModified":"2021-11-25T16:45:18+00:00","breadcrumb":{"@id":"https:\/\/winegroupagetuscany.com\/fr\/news\/#breadcrumb"},"inLanguage":"fr-FR","potentialAction":[{"@type":"ReadAction","target":["https:\/\/winegroupagetuscany.com\/fr\/news\/"]}]},{"@type":"BreadcrumbList","@id":"https:\/\/winegroupagetuscany.com\/fr\/news\/#breadcrumb","itemListElement":[{"@type":"ListItem","position":1,"name":"Home","item":"https:\/\/winegroupagetuscany.com\/fr\/"},{"@type":"ListItem","position":2,"name":"News"}]},{"@type":"WebSite","@id":"https:\/\/winegroupagetuscany.com\/fr\/#website","url":"https:\/\/winegroupagetuscany.com\/fr\/","name":"WINE GROUPAGE TUSCANY","description":"Just another Vendere Online Sites site","potentialAction":[{"@type":"SearchAction","target":{"@type":"EntryPoint","urlTemplate":"https:\/\/winegroupagetuscany.com\/fr\/?s={search_term_string}"},"query-input":"required name=search_term_string"}],"inLanguage":"fr-FR"}]}},"featured_image_src":null,"featured_image_src_square":null,"_links":{"self":[{"href":"https:\/\/winegroupagetuscany.com\/fr\/wp-json\/wp\/v2\/pages\/1436"}],"collection":[{"href":"https:\/\/winegroupagetuscany.com\/fr\/wp-json\/wp\/v2\/pages"}],"about":[{"href":"https:\/\/winegroupagetuscany.com\/fr\/wp-json\/wp\/v2\/types\/page"}],"author":[{"embeddable":true,"href":"https:\/\/winegroupagetuscany.com\/fr\/wp-json\/wp\/v2\/users\/21"}],"replies":[{"embeddable":true,"href":"https:\/\/winegroupagetuscany.com\/fr\/wp-json\/wp\/v2\/comments?post=1436"}],"version-history":[{"count":1,"href":"https:\/\/winegroupagetuscany.com\/fr\/wp-json\/wp\/v2\/pages\/1436\/revisions"}],"predecessor-version":[{"id":1441,"href":"https:\/\/winegroupagetuscany.com\/fr\/wp-json\/wp\/v2\/pages\/1436\/revisions\/1441"}],"wp:attachment":[{"href":"https:\/\/winegroupagetuscany.com\/fr\/wp-json\/wp\/v2\/media?parent=1436"}],"curies":[{"name":"wp","href":"https:\/\/api.w.org\/{rel}","templated":true}]}}